{"id":684,"date":"2025-02-07T07:07:20","date_gmt":"2025-02-07T12:07:20","guid":{"rendered":"https:\/\/lovemarkperu.com\/?post_type=product&#038;p=684"},"modified":"2025-12-18T08:19:35","modified_gmt":"2025-12-18T13:19:35","slug":"recuerdos-velas-artesanales-estrella","status":"publish","type":"product","link":"https:\/\/lovemarkperu.com\/index.php\/producto\/recuerdos-velas-artesanales-estrella\/","title":{"rendered":"Recuerdos Velas Artesanales Estrella"},"content":{"rendered":"<p>\u00bfBuscas el detalle perfecto para tus invitados? Nuestros recuerdos, souvenirs o detalles personalizados son perfectos para tus invitados.\u00a0\u00a0Para todo tipo de eventos: boda, comuni\u00f3n, bautizo, cumplea\u00f1os,\u00a0 showers, misa de difuntos, misa de mes, etc.\u00a0 Lovemark Peru te ofrece detalles personalizados finamente seleccionados, hermosos, \u00fatiles, pr\u00e1cticos, originales y diferentes. Un detalle que nunca pasar\u00e1 de moda.<\/p>\n<p>\u00bfPor qu\u00e9 comprar tus recuerdos en Lovemark Peru?<br \/>\nCalidad, artesan\u00eda y mucho amor son las tres cualidades que definen a nuestros detalles y forma de hacer las cosas.<\/p>\n<p>Atenci\u00f3n personalizada en todo momento. Estamos aqu\u00ed para ayudarte, recomendarte y resolver cualquier duda o problema que pueda surgir.<br \/>\nSi tienes una urgencia, av\u00edsanos e intentaremos encontrar la soluci\u00f3n.<br \/>\nSomos una tienda online con muchos a\u00f1os de experiencia atendiendo regalos para personas y empresas que conf\u00edan en nosotros.<br \/>\nNosotros seremos una opci\u00f3n cercana y con ganas de hacer bien las cosas que nos ha permitido crecer y ser una referencia nacional en detalles de bodas, cumplea\u00f1os y regalos corporativos desde hace m\u00e1s de 10 a\u00f1os.<br \/>\nTu pedido es \u00fanico y tratado con todo el cari\u00f1o. Detr\u00e1s de tu compra, hay personas ilusionadas con cada venta que har\u00e1n todo lo posible para que tengas la mejor experiencia y puedas recomendarnos a todos tus seres queridos.<\/p>\n","protected":false},"excerpt":{"rendered":"<p>Velas Artesanales Arom\u00e1ticas en forma de estrella de vidrio para bodas, bautizos, baby shower, cumplea\u00f1os,. misas, etc. Nuestras velas artesanales con cera de soja 100 % natural de la m\u00e1s alta calidad y aceites arom\u00e1ticos sin qu\u00edmicos. Decorado con flores secas.<\/p>\n<p>Se Personaliza con el nombre de la Persona e incluye una Tag con dise\u00f1o personalizado.<\/p>\n<p>Precio por unidad. Pedido M\u00ednimo 12 unidades (A Partir de 25 unidades Delivery Gratis)<\/p>\n","protected":false},"featured_media":685,"template":"","meta":{"_et_pb_use_builder":"","_et_pb_old_content":"","_et_gb_content_width":"","_joinchat":[]},"product_brand":[],"product_cat":[124],"product_tag":[20,125,21,22,126,127,128,129,25,130,131,132,133,134,135,136,137,138,139,140,141,142,143,29,144,145,146,147,148,149,30,31,32,33,150,151,152,34,153,154,35,155,156,100,157,158,159,160,161,162,163,164,165,166,167,168,169,170,171,172,173,174,175,176,177,178,36,37,39,40,41,42,43,44,45,46,47,48,49,50,51,52,53,54,55,56,57,58,59,179,60,61,62,63,64,65,66,67,68,69,70,89,180,181,71,182,183,184,72,73,74,185],"class_list":{"0":"post-684","1":"product","2":"type-product","3":"status-publish","4":"has-post-thumbnail","6":"product_cat-recuerdos-sociales-eventos","7":"product_tag-barato","8":"product_tag-botanika","9":"product_tag-box-de-regalos-corporativos","10":"product_tag-cajas-de-regalo-corporativos","11":"product_tag-daya-peru","12":"product_tag-detalazo","13":"product_tag-detalles-amatista","14":"product_tag-dulce-compania","15":"product_tag-economico","16":"product_tag-florerias-unidad","17":"product_tag-florerias-unidas","18":"product_tag-go-plant","19":"product_tag-green-moon-peru","20":"product_tag-greenhouse-peru","21":"product_tag-greenmoon","22":"product_tag-henna-corp","23":"product_tag-jiron-puno","24":"product_tag-kokedamas","25":"product_tag-kokedamas-peru","26":"product_tag-kokedamasperu","27":"product_tag-kukyflor","28":"product_tag-la-botanika","29":"product_tag-la-tiendita-suculenta","30":"product_tag-lima","31":"product_tag-lima-handamade","32":"product_tag-loons-peru","33":"product_tag-lucky-bamboo","34":"product_tag-lucky-bamboo-peru","35":"product_tag-lucky-bambu","36":"product_tag-lucky-bambu-peru","37":"product_tag-macetas-biodegradables","38":"product_tag-macetas-de-arcilla","39":"product_tag-macetas-de-cemento","40":"product_tag-macetas-decorativas-peru","41":"product_tag-magia-peru","42":"product_tag-mercado-de-flores","43":"product_tag-mercado-de-flores-acho","44":"product_tag-merchandising-ecologico","45":"product_tag-mini-suculentas-lima","46":"product_tag-mini-suculentas-peru","47":"product_tag-peru","48":"product_tag-plaza-de-flores","49":"product_tag-punta-hermosa","50":"product_tag-que-detalazo","51":"product_tag-recuerdos-al-por-mayor-lima","52":"product_tag-recuerdos-ano-de-fallecimiento","53":"product_tag-recuerdos-baby-shower","54":"product_tag-recuerdos-baby-shower-nina","55":"product_tag-recuerdos-bautizo","56":"product_tag-recuerdos-boda","57":"product_tag-recuerdos-centro-de-lima","58":"product_tag-recuerdos-comunion","59":"product_tag-recuerdos-comunion-peru","60":"product_tag-recuerdos-con-plantas","61":"product_tag-recuerdos-con-suculentas-lima","62":"product_tag-recuerdos-confirmacion","63":"product_tag-recuerdos-dia-de-la-amistad","64":"product_tag-recuerdos-ecologicos","65":"product_tag-recuerdos-para-bautizo","66":"product_tag-recuerdos-para-boda","67":"product_tag-recuerdos-para-eventos","68":"product_tag-recuerdos-para-misa-de-difuntos","69":"product_tag-recuerdos-para-primer-mes-de-fallecido","70":"product_tag-recuerdos-para-primera-comunion","71":"product_tag-recuerdos-para-quinceaneros","72":"product_tag-recuerdos-vivos","73":"product_tag-regalar-plantas","74":"product_tag-regalar-vida","75":"product_tag-regalos-corporativos","76":"product_tag-regalos-corporativos-premium","77":"product_tag-regalos-de-aniversario-para-mi-novio","78":"product_tag-regalos-de-cumpleanos","79":"product_tag-regalos-de-navidad","80":"product_tag-regalos-ecologicos","81":"product_tag-regalos-ecologicos-peru","82":"product_tag-regalos-ecologicos-premium","83":"product_tag-regalos-empresariales","84":"product_tag-regalos-empresariales-premium","85":"product_tag-regalos-flores","86":"product_tag-regalos-navidad","87":"product_tag-regalos-para-cumpleanos","88":"product_tag-regalos-para-el-dia-del-padre","89":"product_tag-regalos-para-hombres","90":"product_tag-regalos-para-mama","91":"product_tag-regalos-para-mi-novio","92":"product_tag-regalos-para-mujeres","93":"product_tag-regalos-para-navidad","94":"product_tag-regalos-para-papa","95":"product_tag-regalos-personalizados","96":"product_tag-regalos-plantas","97":"product_tag-regalos-premium","98":"product_tag-regalos-premium-a-domicilio","99":"product_tag-regalos-premium-corporativos","100":"product_tag-regalos-premium-para-empresas","101":"product_tag-regalos-premium-para-hombres","102":"product_tag-regalos-premium-para-mujeres","103":"product_tag-regalos-premium-peru","104":"product_tag-regalos-primer-mes-de-enamorados","105":"product_tag-regalos-promocionales","106":"product_tag-regalos-vivos","107":"product_tag-regalos-vivos-peru","108":"product_tag-rosatel","109":"product_tag-sorprende-lima","110":"product_tag-souvenirs","111":"product_tag-suculentas","112":"product_tag-suculentas-para-baby-shower","113":"product_tag-suculentas-para-bautizo","114":"product_tag-suculentas-para-matrimonios","115":"product_tag-suculentas-peru","116":"product_tag-suculentasperu","117":"product_tag-vivero-lima-peru","118":"product_tag-wilson","120":"first","121":"instock","122":"shipping-taxable","123":"product-type-simple"},"jetpack_sharing_enabled":true,"_links":{"self":[{"href":"https:\/\/lovemarkperu.com\/index.php\/wp-json\/wp\/v2\/product\/684","targetHints":{"allow":["GET"]}}],"collection":[{"href":"https:\/\/lovemarkperu.com\/index.php\/wp-json\/wp\/v2\/product"}],"about":[{"href":"https:\/\/lovemarkperu.com\/index.php\/wp-json\/wp\/v2\/types\/product"}],"wp:featuredmedia":[{"embeddable":true,"href":"https:\/\/lovemarkperu.com\/index.php\/wp-json\/wp\/v2\/media\/685"}],"wp:attachment":[{"href":"https:\/\/lovemarkperu.com\/index.php\/wp-json\/wp\/v2\/media?parent=684"}],"wp:term":[{"taxonomy":"product_brand","embeddable":true,"href":"https:\/\/lovemarkperu.com\/index.php\/wp-json\/wp\/v2\/product_brand?post=684"},{"taxonomy":"product_cat","embeddable":true,"href":"https:\/\/lovemarkperu.com\/index.php\/wp-json\/wp\/v2\/product_cat?post=684"},{"taxonomy":"product_tag","embeddable":true,"href":"https:\/\/lovemarkperu.com\/index.php\/wp-json\/wp\/v2\/product_tag?post=684"}],"curies":[{"name":"wp","href":"https:\/\/api.w.org\/{rel}","templated":true}]}}