{"id":477,"date":"2022-04-13T17:05:30","date_gmt":"2022-04-13T22:05:30","guid":{"rendered":"https:\/\/lovemarkperu.com\/?post_type=product&#038;p=477"},"modified":"2022-05-02T15:06:57","modified_gmt":"2022-05-02T20:06:57","slug":"gift-box-la-belle-vie","status":"publish","type":"product","link":"https:\/\/lovemarkperu.com\/index.php\/producto\/gift-box-la-belle-vie\/","title":{"rendered":"Gift Box La Belle Vie"},"content":{"rendered":"<p>En Lovemark Peru Regalos Personalizados encuentra el regalo ideal para novio, esposo, hermano u hombre no tiene que ser dif\u00edcil si consideras ciertos aspectos, para enviar <b>regalos para un cliente<\/b>\u00a0o un ejecutivo te sugerimos mil veces enviar un regalo en cestas importadas con unas deliciosas galletas, chocolates, vino, etiqueta negra o azul seg\u00fan valores el regalo que \u00e9l debe recibir.<\/p>\n<p>Si se te vuelve dif\u00edcil enviar un <b>regalo para novio<\/b>, esposo o familiar cercano ya que buscan algo muy especial, en este caso s\u00f3lo eval\u00faa su personalidad y gustos para escoger el regalo ideal para \u00e9l. Recuerda que Lovemark Peru Regalos Personalizados lo importante es el detalle. Si no lo encuentras aqu\u00ed ll\u00e1manos para personalizarlo.<\/p>\n<p>En Lovemark Peru Regalos Personalizados encuentra Regalos para Mujer Peru por delivery, sorprende a esa persona con un detalle especial para ella.<\/p>\n<p><b>El mejor regalo de cumplea\u00f1os,\u00a0<\/b>es una forma de buscar un detalle especial para una persona igual de especial y valiosa, por ello nos esforzamos en darte lo mejor en cada sorpresa de cumplea\u00f1os, productos nuevos, \u00fanicos, diferentes y exclusivos. En Lovemark Peru Regalos Personalizados Tenemos <b>Regalos para Hombre y para mujer<\/b>, todos acompa\u00f1ados de una tarjeta de cumplea\u00f1os donde se imprimir\u00e1 tus mejores deseos en este d\u00eda especial. Ofrecemos Arreglos Florales, desayunos con taza de cumplea\u00f1os, canastas, vinos, chocolates selectos y globos.<\/p>\n<p>Sorprende hoy con un lindo detalle por aniversario que hemos preparado para ayudarte a mantener esa relaci\u00f3n.<\/p>\n","protected":false},"excerpt":{"rendered":"<p>Nuestro Giftbox Regalo Personalizado Peru Dise\u00f1ado por Lovemark Peru que contiene todo lo necesario para que disfrutes o disfruten una experiencia inolvidable, es indiscutiblemente una sincera demostraci\u00f3n de aprecio y estima para quien lo reciba.<\/p>\n<p>&nbsp;<\/p>\n","protected":false},"featured_media":478,"template":"","meta":{"_et_pb_use_builder":"","_et_pb_old_content":"","_et_gb_content_width":"","_joinchat":[]},"product_brand":[],"product_cat":[122,82,105,104],"product_tag":[20,110,95,101,102,21,103,111,22,23,114,96,99,91,25,98,97,29,90,30,31,32,33,34,35,79,100,36,37,120,116,117,118,115,119,39,75,40,41,42,43,109,44,45,46,47,48,49,76,50,51,92,52,93,26,53,54,55,56,57,58,38,59,27,108,28,107,60,61,62,63,64,65,66,67,68,69,70,113,112,89,88,71,72,73,24,77,74,78],"class_list":{"0":"post-477","1":"product","2":"type-product","3":"status-publish","4":"has-post-thumbnail","6":"product_cat-fechas-especial-ellas","7":"product_cat-giftbox-para-ella","8":"product_cat-regalos-dia-de-la-madre-peru","9":"product_cat-san-valentin","10":"product_tag-barato","11":"product_tag-beer-bucket","12":"product_tag-boketto-peru","13":"product_tag-box-cine-en-casa","14":"product_tag-box-corporativo","15":"product_tag-box-de-regalos-corporativos","16":"product_tag-box-regalo","17":"product_tag-bucket-cervecero","18":"product_tag-cajas-de-regalo-corporativos","19":"product_tag-canastas-navidenas-peru","20":"product_tag-champagne-peru","21":"product_tag-corazon-de-melon","22":"product_tag-detalazo-peru","23":"product_tag-detalles-con-amor-lima","24":"product_tag-economico","25":"product_tag-gift-ideas-peru","26":"product_tag-giftideas","27":"product_tag-lima","28":"product_tag-lima-handmade","29":"product_tag-macetas-biodegradables","30":"product_tag-macetas-de-arcilla","31":"product_tag-macetas-de-cemento","32":"product_tag-macetas-decorativas-peru","33":"product_tag-merchandising-ecologico","34":"product_tag-peru","35":"product_tag-pisco-para-regalo-peru","36":"product_tag-que-detalazo","37":"product_tag-regalar-plantas","38":"product_tag-regalar-vida","39":"product_tag-regalo-con-champana-peru","40":"product_tag-regalo-de-bodas","41":"product_tag-regalo-de-compromiso","42":"product_tag-regalo-de-matrimonio-peru","43":"product_tag-regalo-de-novios","44":"product_tag-regalo-pedida-de-mano-peru","45":"product_tag-regalos-corporativos","46":"product_tag-regalos-corporativos-peru","47":"product_tag-regalos-corporativos-premium","48":"product_tag-regalos-de-aniversario-para-mi-novio","49":"product_tag-regalos-de-cumpleanos","50":"product_tag-regalos-de-navidad","51":"product_tag-regalos-dia-de-la-madre-peru","52":"product_tag-regalos-ecologicos","53":"product_tag-regalos-ecologicos-peru","54":"product_tag-regalos-ecologicos-premium","55":"product_tag-regalos-empresariales","56":"product_tag-regalos-empresariales-premium","57":"product_tag-regalos-flores","58":"product_tag-regalos-gourmet-peru","59":"product_tag-regalos-navidad","60":"product_tag-regalos-para-cumpleanos","61":"product_tag-regalos-para-el","62":"product_tag-regalos-para-el-dia-del-padre","63":"product_tag-regalos-para-ella","64":"product_tag-regalos-para-empresas-peru","65":"product_tag-regalos-para-hombres","66":"product_tag-regalos-para-mama","67":"product_tag-regalos-para-mi-novio","68":"product_tag-regalos-para-mujeres","69":"product_tag-regalos-para-navidad","70":"product_tag-regalos-para-papa","71":"product_tag-regalos-para-recien-nacidos-corporativos","72":"product_tag-regalos-personalizados","73":"product_tag-regalos-personalizados-corporativos","74":"product_tag-regalos-personalizados-lima","75":"product_tag-regalos-personalizados-para-empresas","76":"product_tag-regalos-personalizados-peru","77":"product_tag-regalos-premium","78":"product_tag-regalos-premium-a-domicilio","79":"product_tag-regalos-premium-corporativos","80":"product_tag-regalos-premium-para-empresas","81":"product_tag-regalos-premium-para-hombres","82":"product_tag-regalos-premium-para-mujeres","83":"product_tag-regalos-premium-peru","84":"product_tag-regalos-primer-mes-de-enamorados","85":"product_tag-regalos-promocionales","86":"product_tag-regalos-vivos","87":"product_tag-regalos-vivos-peru","88":"product_tag-ricadonna","89":"product_tag-riccadonna-peru","90":"product_tag-rosatel","91":"product_tag-rosatel-peru","92":"product_tag-suculentas","93":"product_tag-suculentas-peru","94":"product_tag-suculentasperu","95":"product_tag-toritos-de-pucara-peru","96":"product_tag-vinos-para-regalo","97":"product_tag-vivero-lima-peru","98":"product_tag-whisky-para-regalo","100":"first","101":"instock","102":"shipping-taxable","103":"purchasable","104":"product-type-simple"},"jetpack_sharing_enabled":true,"_links":{"self":[{"href":"https:\/\/lovemarkperu.com\/index.php\/wp-json\/wp\/v2\/product\/477","targetHints":{"allow":["GET"]}}],"collection":[{"href":"https:\/\/lovemarkperu.com\/index.php\/wp-json\/wp\/v2\/product"}],"about":[{"href":"https:\/\/lovemarkperu.com\/index.php\/wp-json\/wp\/v2\/types\/product"}],"wp:featuredmedia":[{"embeddable":true,"href":"https:\/\/lovemarkperu.com\/index.php\/wp-json\/wp\/v2\/media\/478"}],"wp:attachment":[{"href":"https:\/\/lovemarkperu.com\/index.php\/wp-json\/wp\/v2\/media?parent=477"}],"wp:term":[{"taxonomy":"product_brand","embeddable":true,"href":"https:\/\/lovemarkperu.com\/index.php\/wp-json\/wp\/v2\/product_brand?post=477"},{"taxonomy":"product_cat","embeddable":true,"href":"https:\/\/lovemarkperu.com\/index.php\/wp-json\/wp\/v2\/product_cat?post=477"},{"taxonomy":"product_tag","embeddable":true,"href":"https:\/\/lovemarkperu.com\/index.php\/wp-json\/wp\/v2\/product_tag?post=477"}],"curies":[{"name":"wp","href":"https:\/\/api.w.org\/{rel}","templated":true}]}}